

{"id":1015,"date":"2025-08-14T10:55:02","date_gmt":"2025-08-14T10:55:02","guid":{"rendered":"https:\/\/servuloinnovationlab.com\/?page_id=1015"},"modified":"2025-08-28T14:29:29","modified_gmt":"2025-08-28T14:29:29","slug":"insights","status":"publish","type":"page","link":"https:\/\/servuloinnovationlab.com\/en\/insights\/","title":{"rendered":"Insights"},"content":{"rendered":"<div data-elementor-type=\"wp-page\" data-elementor-id=\"1015\" class=\"elementor elementor-1015\">\n\t\t\t\t<div class=\"elementor-element elementor-element-0f5694a e-flex e-con-boxed e-con e-parent\" data-id=\"0f5694a\" data-element_type=\"container\" data-e-type=\"container\">\n\t\t\t\t\t<div class=\"e-con-inner\">\n\t\t\t\t<div class=\"elementor-element elementor-element-53b5790 elementor-widget elementor-widget-heading\" data-id=\"53b5790\" data-element_type=\"widget\" data-e-type=\"widget\" data-widget_type=\"heading.default\">\n\t\t\t\t<div class=\"elementor-widget-container\">\n\t\t\t\t\t<h2 class=\"elementor-heading-title elementor-size-default\">Insights<\/h2>\t\t\t\t<\/div>\n\t\t\t\t<\/div>\n\t\t\t\t<div class=\"elementor-element elementor-element-4b18414 elementor-widget-mobile__width-initial elementor-widget elementor-widget-text-editor\" data-id=\"4b18414\" data-element_type=\"widget\" data-e-type=\"widget\" data-widget_type=\"text-editor.default\">\n\t\t\t\t<div class=\"elementor-widget-container\">\n\t\t\t\t\t\t\t\t\t<p>Key legal insights: curated newsletters, articles and legislative updates, essential for legal practice and professional training.<\/p>\t\t\t\t\t\t\t\t<\/div>\n\t\t\t\t<\/div>\n\t\t\t\t<div class=\"elementor-element elementor-element-90342e9 elementor-widget-mobile__width-initial elementor-widget elementor-widget-shortcode\" data-id=\"90342e9\" data-element_type=\"widget\" data-e-type=\"widget\" data-widget_type=\"shortcode.default\">\n\t\t\t\t<div class=\"elementor-widget-container\">\n\t\t\t\t\t\t\t<div class=\"elementor-shortcode\">    <style>\n    .insights-grid {\n        display: grid;\n        grid-template-columns: repeat(3, 1fr);\n        gap: 24px;\n        margin: 20px 0;\n    }\n    @media (max-width: 1024px) {\n        .insights-grid { grid-template-columns: repeat(2, 1fr); }\n    }\n    @media (max-width: 640px) {\n        .insights-grid { grid-template-columns: 1fr; }\n    }\n    \n    .insight-card {\n        position: relative;\n        background: #fff;\n        border-radius: 16px;\n        overflow: hidden;\n        transition: transform .3s ease, box-shadow .3s ease;\n        cursor: pointer;\n        min-height: 380px;\n    }\n    \/*.insight-card:hover {\n        transform: translateY(-4px);\n        box-shadow: 0 12px 32px rgba(0,0,0,0.15);\n    }*\/\n    \n    .insight-card-bg {\n        position: absolute;\n        top: 0;\n        left: 0;\n        width: 100%;\n        height: 100%;\n        background-size: cover;\n        background-position: center;\n        background-repeat: no-repeat;\n    }\n    \n    .insight-card-gradient {\n        position: absolute;\n        bottom: 0;\n        left: 0;\n        width: 100%;\n        height: 70%;\n        background: linear-gradient(to bottom, rgba(255,255,255,0) 0%, rgba(255,255,255,0.8) 40%, rgba(255,255,255,0.95) 70%, rgba(255,255,255,1) 100%);\n    }\n    \n    .insight-card-content {\n        position: absolute;\n        bottom: 0;\n        left: 0;\n        right: 0;\n        padding: 30px;\n        z-index: 2;\n        color: #01054D;\n        font-family: Inter, Sans-Serif;\n    }\n    \n    .insight-card-date {\n        font-size: 13px;\n        text-transform: uppercase;\n        letter-spacing: 0.5px;\n        font-weight: 500;\n    }\n    \n    .insight-card-title {\n        \n        font-size: 30px;\n        font-weight: 600;\n        line-height: 1;\n        margin: 0 0 8px 0;\n        display: -webkit-box;\n        -webkit-line-clamp: 3;\n        -webkit-box-orient: vertical;\n        overflow: hidden;\n    }\n    \n    .insight-card-desc {\n        font-size: 18px;\n        max-width: 70%;\n        line-height: 1.4;\n        margin: 0;\n        display: -webkit-box;\n        -webkit-line-clamp: 2;\n        -webkit-box-orient: vertical;\n        overflow: hidden;\n        margin-top: 15px;\n    }\n    \n    .insight-card-fallback {\n        position: absolute;\n        top: 0;\n        left: 0;\n        width: 100%;\n        height: 100%;\n        background: linear-gradient(135deg, #667eea 0%, #764ba2 100%);\n        display: flex;\n        align-items: center;\n        justify-content: center;\n    }\n    \n    .insight-card-fallback::before {\n        content: '\ud83d\udcca';\n        font-size: 48px;\n        opacity: 0.6;\n    }\n    <\/style>\n    \n    <div class=\"insights-grid\">\n                                \n            <article class=\"insight-card\" onclick=\"window.open('https:\/\/www.servulo.com\/pt\/investigacao-e-conhecimento\/Entrada-em-vigor-da-Lei-de-execucao-do-DSA-o-que-muda-para-os-prestadores-de-servicos-digitais\/9736\/', '_blank')\">\n                                    <div class=\"insight-card-bg\" style=\"background-image: url('https:\/\/servuloinnovationlab.com\/wp-content\/uploads\/2026\/04\/TMT-scaled.jpg');\"><\/div>\n                                \n                <div class=\"insight-card-gradient\"><\/div>\n                \n                <div class=\"insight-card-content\">\n                    \n                    \n                    <h3 class=\"insight-card-title\">Lei de execu\u00e7\u00e3o do DSA: o que muda para os prestadores de servi\u00e7os digitais<\/h3>\n                    \n                                            <p class=\"insight-card-desc\">Em s\u00edntese, a Lei n.\u00ba 12-A\/2026 veio designar as autoridades de supervis\u00e3o relevantes para efeitos DSA, estabelecer o quadro sancionat\u00f3rio aplic\u00e1vel e refor\u00e7ar a import\u00e2ncia de um programa de conformidade do DSA que seja simultaneamente jur\u00eddico e operacional.<\/p>\n                                        \n                                            <div class=\"insight-card-date\">\n                            24 Apr 2026                        <\/div>\n                                    <\/div>\n            <\/article>\n                                \n            <article class=\"insight-card\" onclick=\"window.open('https:\/\/www.servulo.com\/pt\/investigacao-e-conhecimento\/Proposta-de-Lei-de-alteracao-ao-RJUE-o-que-muda-em-materia-de-Contencioso-UrbanisticoN\/9554\/', '_blank')\">\n                                    <div class=\"insight-card-bg\" style=\"background-image: url('https:\/\/servuloinnovationlab.com\/wp-content\/uploads\/2026\/01\/ivan-rohovchenko-91FyVvkKMgs-unsplash.jpg');\"><\/div>\n                                \n                <div class=\"insight-card-gradient\"><\/div>\n                \n                <div class=\"insight-card-content\">\n                    \n                    \n                    <h3 class=\"insight-card-title\">Proposta de Lei de altera\u00e7\u00e3o ao RJUE<\/h3>\n                    \n                                            <p class=\"insight-card-desc\">O que muda em mat\u00e9ria de Contencioso Urban\u00edstico?<\/p>\n                                        \n                                            <div class=\"insight-card-date\">\n                            13 Jan 2026                        <\/div>\n                                    <\/div>\n            <\/article>\n                                \n            <article class=\"insight-card\" onclick=\"window.open('https:\/\/www.servulo.com\/pt\/investigacao-e-conhecimento\/Novas-regras-nacionais-aplicaveis-ao-setor-dos-criptoativos\/9541\/', '_blank')\">\n                                    <div class=\"insight-card-bg\" style=\"background-image: url('https:\/\/servuloinnovationlab.com\/wp-content\/uploads\/2025\/10\/Financeiro-scaled.jpg');\"><\/div>\n                                \n                <div class=\"insight-card-gradient\"><\/div>\n                \n                <div class=\"insight-card-content\">\n                    \n                    \n                    <h3 class=\"insight-card-title\">New national rules applicable to the crypto-assets sector<\/h3>\n                    \n                                            <p class=\"insight-card-desc\">Today, Law No. 69\/2025 of 22 December and Law No. 70\/2025 of 22 December were published \u2013 two fundamental pieces of legislation, long awaited by the market, in the field of crypto-assets.<\/p>\n                                        \n                                            <div class=\"insight-card-date\">\n                            22 Dec 2025                        <\/div>\n                                    <\/div>\n            <\/article>\n                                \n            <article class=\"insight-card\" onclick=\"window.open('https:\/\/www.servulo.com\/pt\/investigacao-e-conhecimento\/EUDR-e-o-Chocolate-bilhete-dourado-ou-obstaculo-regulatorioN\/9540\/', '_blank')\">\n                                    <div class=\"insight-card-bg\" style=\"background-image: url('https:\/\/servuloinnovationlab.com\/wp-content\/uploads\/2026\/01\/Sustentabilidade.jpeg');\"><\/div>\n                                \n                <div class=\"insight-card-gradient\"><\/div>\n                \n                <div class=\"insight-card-content\">\n                    \n                    \n                    <h3 class=\"insight-card-title\">EUDR e o Chocolate: bilhete dourado ou obst\u00e1culo regulat\u00f3rio?<\/h3>\n                    \n                                            <p class=\"insight-card-desc\">Ser\u00e1 o chocolate que consumimos na Uni\u00e3o Europeia (UE) verdadeiramente sustent\u00e1vel?<\/p>\n                                        \n                                            <div class=\"insight-card-date\">\n                            19 Dec 2025                        <\/div>\n                                    <\/div>\n            <\/article>\n                                \n            <article class=\"insight-card\" onclick=\"window.open('https:\/\/www.servulo.com\/pt\/investigacao-e-conhecimento\/Designacao-de-entidades-criticas-Regulamento-DORA\/9539\/', '_blank')\">\n                                    <div class=\"insight-card-bg\" style=\"background-image: url('https:\/\/servuloinnovationlab.com\/wp-content\/uploads\/2026\/01\/Capture-TMT.jpg');\"><\/div>\n                                \n                <div class=\"insight-card-gradient\"><\/div>\n                \n                <div class=\"insight-card-content\">\n                    \n                    \n                    <h3 class=\"insight-card-title\">Designa\u00e7\u00e3o de entidades cr\u00edticas - Regulamento DORA<\/h3>\n                    \n                                            <p class=\"insight-card-desc\">As Autoridades Europeias de Supervis\u00e3o - EBA, EIOPA e ESMA - publicaram a primeira lista oficial de fornecedores cr\u00edticos de terceiros de TIC (CTPPs), no \u00e2mbito do Regulamento (UE) 2022\/2554, mais conhecido como Regulamento DORA.<\/p>\n                                        \n                                            <div class=\"insight-card-date\">\n                            19 Dec 2025                        <\/div>\n                                    <\/div>\n            <\/article>\n                                \n            <article class=\"insight-card\" onclick=\"window.open('https:\/\/www.servulo.com\/pt\/investigacao-e-conhecimento\/Proposta-de-Lei-n-47XVII1-Contratos-de-Investimento-para-Arrendamento-CIA\/9536\/', '_blank')\">\n                                    <div class=\"insight-card-bg\" style=\"background-image: url('https:\/\/servuloinnovationlab.com\/wp-content\/uploads\/2026\/01\/Capture-Fiscal.jpg');\"><\/div>\n                                \n                <div class=\"insight-card-gradient\"><\/div>\n                \n                <div class=\"insight-card-content\">\n                    \n                    \n                    <h3 class=\"insight-card-title\">Proposta de Lei n.\u00ba 47\/XVII\/1.\u00aa Contratos de Investimento para Arrendamento (CIA)<\/h3>\n                    \n                                            <p class=\"insight-card-desc\">O Governo apresentou uma iniciativa legislativa que prev\u00ea, entre outras medidas, a cria\u00e7\u00e3o do regime dos Contratos de Investimento para Arrendamento (CIA).<\/p>\n                                        \n                                            <div class=\"insight-card-date\">\n                            18 Dec 2025                        <\/div>\n                                    <\/div>\n            <\/article>\n                                \n            <article class=\"insight-card\" onclick=\"window.open('https:\/\/www.servulo.com\/pt\/investigacao-e-conhecimento\/Novo-Regime-Juridico-da-Ciberseguranca-Diretiva-NIS-2\/9529\/', '_blank')\">\n                                    <div class=\"insight-card-bg\" style=\"background-image: url('https:\/\/servuloinnovationlab.com\/wp-content\/uploads\/2026\/01\/Capture-TMT.jpg');\"><\/div>\n                                \n                <div class=\"insight-card-gradient\"><\/div>\n                \n                <div class=\"insight-card-content\">\n                    \n                    \n                    <h3 class=\"insight-card-title\">Novo Regime Jur\u00eddico da Ciberseguran\u00e7a: Diretiva NIS 2<\/h3>\n                    \n                                            <p class=\"insight-card-desc\">Este diploma substitui o regime anterior e estabelece um quadro normativo abrangente para garantir um n\u00edvel elevado e comum de ciberseguran\u00e7a na Uni\u00e3o Europeia.<\/p>\n                                        \n                                            <div class=\"insight-card-date\">\n                            12 Dec 2025                        <\/div>\n                                    <\/div>\n            <\/article>\n                                \n            <article class=\"insight-card\" onclick=\"window.open('https:\/\/www.servulo.com\/pt\/investigacao-e-conhecimento\/Portugal-avanca-com-pedido-de-assistncia-financeira-para-a-Defesa\/9528\/', '_blank')\">\n                                    <div class=\"insight-card-bg\" style=\"background-image: url('https:\/\/servuloinnovationlab.com\/wp-content\/uploads\/2025\/10\/Defesa-scaled.jpg');\"><\/div>\n                                \n                <div class=\"insight-card-gradient\"><\/div>\n                \n                <div class=\"insight-card-content\">\n                    \n                    \n                    <h3 class=\"insight-card-title\">Portugal avan\u00e7a com pedido de assist\u00eancia financeira para a Defesa<\/h3>\n                    \n                                            <p class=\"insight-card-desc\">O SAFE apoiar\u00e1 o Estado Portugu\u00eas na aquisi\u00e7\u00e3o de produtos relacionados com a defesa.<\/p>\n                                        \n                                            <div class=\"insight-card-date\">\n                            10 Dec 2025                        <\/div>\n                                    <\/div>\n            <\/article>\n                                \n            <article class=\"insight-card\" onclick=\"window.open('https:\/\/www.servulo.com\/pt\/investigacao-e-conhecimento\/Alteraces-ao-Regime-da-Gestao-de-Ativos-decorrentes-do-Decreto-Lei-n-1032025-de-11-de-setembro\/9382\/', '_blank')\">\n                                    <div class=\"insight-card-bg\" style=\"background-image: url('https:\/\/servuloinnovationlab.com\/wp-content\/uploads\/2025\/10\/Financeiro-scaled.jpg');\"><\/div>\n                                \n                <div class=\"insight-card-gradient\"><\/div>\n                \n                <div class=\"insight-card-content\">\n                    \n                    \n                    <h3 class=\"insight-card-title\">Amendments to the Asset Management Regime arising from Decree-Law No. 103\/2025 of 11 September<\/h3>\n                    \n                                            <p class=\"insight-card-desc\">Decree-Law No. 103\/2025, which transposes Directive (EU) 2021\/2167 into national law, enacted the second amendment to the Asset Management Regime, introducing significant changes to the regulatory framework applicable to the sector. In this Update, authored by Paulo C\u00e2mara and Andreea Babicean, the amendments are analysed, particularly regarding the due diligence obligations of UCITS management companies and the regime applicable to credit AIFs.<\/p>\n                                        \n                                            <div class=\"insight-card-date\">\n                            1 Oct 2025                        <\/div>\n                                    <\/div>\n            <\/article>\n                                \n            <article class=\"insight-card\" onclick=\"window.open('https:\/\/www.servulo.com\/pt\/investigacao-e-conhecimento\/Roteiro-para-os-Creditos-da-Natureza\/9370\/', '_blank')\">\n                                    <div class=\"insight-card-bg\" style=\"background-image: url('https:\/\/servuloinnovationlab.com\/wp-content\/uploads\/2025\/10\/Sustentabilidade.jpeg');\"><\/div>\n                                \n                <div class=\"insight-card-gradient\"><\/div>\n                \n                <div class=\"insight-card-content\">\n                    \n                    \n                    <h3 class=\"insight-card-title\">Roadmap for Nature Credits<\/h3>\n                    \n                                            <p class=\"insight-card-desc\">Nature credits can serve as an essential tool to value and reward actions that generate benefits for nature, through private investments aimed at both environmental protection and business development.<\/p>\n                                        \n                                            <div class=\"insight-card-date\">\n                            5 Sep 2025                        <\/div>\n                                    <\/div>\n            <\/article>\n                                \n            <article class=\"insight-card\" onclick=\"window.open('https:\/\/www.servulo.com\/pt\/investigacao-e-conhecimento\/Efeito-Diarra-ldquoJustice-for-Playersrdquo-e-a-acao-coletiva-contra-a-FIFA\/9364\/', '_blank')\">\n                                    <div class=\"insight-card-bg\" style=\"background-image: url('https:\/\/servuloinnovationlab.com\/wp-content\/uploads\/2025\/10\/Desporto.jpeg');\"><\/div>\n                                \n                <div class=\"insight-card-gradient\"><\/div>\n                \n                <div class=\"insight-card-content\">\n                    \n                    \n                    <h3 class=\"insight-card-title\">The Diarra Effect: \u201cJustice for Players\u201d and the Class Action against FIFA<\/h3>\n                    \n                                            <p class=\"insight-card-desc\">Learn here about the groundbreaking decision of the Court of Justice of the European Union.<\/p>\n                                        \n                                            <div class=\"insight-card-date\">\n                            19 Aug 2025                        <\/div>\n                                    <\/div>\n            <\/article>\n                                \n            <article class=\"insight-card\" onclick=\"window.open('https:\/\/www.servulo.com\/pt\/investigacao-e-conhecimento\/CMVM-aprova-novas-regras-em-materia-de-reporte-AMLCFT\/9363\/', '_blank')\">\n                                    <div class=\"insight-card-bg\" style=\"background-image: url('https:\/\/servuloinnovationlab.com\/wp-content\/uploads\/2025\/10\/Financeiro-scaled.jpg');\"><\/div>\n                                \n                <div class=\"insight-card-gradient\"><\/div>\n                \n                <div class=\"insight-card-content\">\n                    \n                    \n                    <h3 class=\"insight-card-title\">CMVM approves new rules on AML\/CFT reporting<\/h3>\n                    \n                                            <p class=\"insight-card-desc\">The new CMVM Regulation No. 5\/2025 broadens the reporting requirements for supervised financial entities, demanding greater preparation and a review of their AML\/CFT procedures, among other changes.<\/p>\n                                        \n                                            <div class=\"insight-card-date\">\n                            18 Aug 2025                        <\/div>\n                                    <\/div>\n            <\/article>\n                                \n            <article class=\"insight-card\" onclick=\"window.open('https:\/\/www.servulo.com\/pt\/investigacao-e-conhecimento\/Novo-Regime-da-Mobilidade-Eletrica\/9362\/', '_blank')\">\n                                    <div class=\"insight-card-bg\" style=\"background-image: url('https:\/\/servuloinnovationlab.com\/wp-content\/uploads\/2025\/10\/Energia-scaled.jpg');\"><\/div>\n                                \n                <div class=\"insight-card-gradient\"><\/div>\n                \n                <div class=\"insight-card-content\">\n                    \n                    \n                    <h3 class=\"insight-card-title\">New Electric Mobility Regime<\/h3>\n                    \n                                            <p class=\"insight-card-desc\">The new Legal Framework for Electric Mobility arises in the context of the transposition of Regulation (EU) 2023\/1804, which establishes requirements for the development of alternative fuel infrastructure.<\/p>\n                                        \n                                            <div class=\"insight-card-date\">\n                            14 Aug 2025                        <\/div>\n                                    <\/div>\n            <\/article>\n                                \n            <article class=\"insight-card\" onclick=\"window.open('https:\/\/www.servulo.com\/pt\/investigacao-e-conhecimento\/O-Novo-Regime-da-Revisao-da-Despesa-Publica-ndash-o-Decreto-Lei-n-872025-de-25-de-julho\/9346\/', '_blank')\">\n                                    <div class=\"insight-card-bg\" style=\"background-image: url('https:\/\/servuloinnovationlab.com\/wp-content\/uploads\/2025\/10\/Publico.jpg');\"><\/div>\n                                \n                <div class=\"insight-card-gradient\"><\/div>\n                \n                <div class=\"insight-card-content\">\n                    \n                    \n                    <h3 class=\"insight-card-title\">The new regime for reviewing public spending<\/h3>\n                    \n                                            <p class=\"insight-card-desc\">Decree-Law No. 87\/2025, of 25 July<\/p>\n                                        \n                                            <div class=\"insight-card-date\">\n                            29 Jul 2025                        <\/div>\n                                    <\/div>\n            <\/article>\n            <\/div>\n    <\/div>\n\t\t\t\t\t\t<\/div>\n\t\t\t\t<\/div>\n\t\t\t\t<div class=\"elementor-element elementor-element-c797704 elementor-absolute elementor-hidden-tablet elementor-hidden-mobile elementor-widget elementor-widget-image\" data-id=\"c797704\" data-element_type=\"widget\" data-e-type=\"widget\" data-settings=\"{&quot;_position&quot;:&quot;absolute&quot;}\" data-widget_type=\"image.default\">\n\t\t\t\t<div class=\"elementor-widget-container\">\n\t\t\t\t\t\t\t\t\t\t\t\t\t\t\t<img fetchpriority=\"high\" decoding=\"async\" width=\"379\" height=\"530\" src=\"https:\/\/servuloinnovationlab.com\/wp-content\/uploads\/2025\/08\/InsightsEsquerda.png\" class=\"attachment-large size-large wp-image-1062\" alt=\"\" srcset=\"https:\/\/servuloinnovationlab.com\/wp-content\/uploads\/2025\/08\/InsightsEsquerda.png 379w, https:\/\/servuloinnovationlab.com\/wp-content\/uploads\/2025\/08\/InsightsEsquerda-215x300.png 215w, https:\/\/servuloinnovationlab.com\/wp-content\/uploads\/2025\/08\/InsightsEsquerda-9x12.png 9w\" sizes=\"(max-width: 379px) 100vw, 379px\" \/>\t\t\t\t\t\t\t\t\t\t\t\t\t\t\t<\/div>\n\t\t\t\t<\/div>\n\t\t\t\t\t<\/div>\n\t\t\t\t<\/div>\n\t\t\t\t<\/div>","protected":false},"excerpt":{"rendered":"<p>Insights Atualiza\u00e7\u00f5es jur\u00eddicas relevantes: newsletters, artigos e legisla\u00e7\u00e3o essenciais para a pr\u00e1tica e forma\u00e7\u00e3o profissional.<\/p>","protected":false},"author":1,"featured_media":0,"parent":0,"menu_order":0,"comment_status":"closed","ping_status":"closed","template":"","meta":{"footnotes":""},"class_list":["post-1015","page","type-page","status-publish","hentry"],"_links":{"self":[{"href":"https:\/\/servuloinnovationlab.com\/en\/wp-json\/wp\/v2\/pages\/1015","targetHints":{"allow":["GET"]}}],"collection":[{"href":"https:\/\/servuloinnovationlab.com\/en\/wp-json\/wp\/v2\/pages"}],"about":[{"href":"https:\/\/servuloinnovationlab.com\/en\/wp-json\/wp\/v2\/types\/page"}],"author":[{"embeddable":true,"href":"https:\/\/servuloinnovationlab.com\/en\/wp-json\/wp\/v2\/users\/1"}],"replies":[{"embeddable":true,"href":"https:\/\/servuloinnovationlab.com\/en\/wp-json\/wp\/v2\/comments?post=1015"}],"version-history":[{"count":22,"href":"https:\/\/servuloinnovationlab.com\/en\/wp-json\/wp\/v2\/pages\/1015\/revisions"}],"predecessor-version":[{"id":1196,"href":"https:\/\/servuloinnovationlab.com\/en\/wp-json\/wp\/v2\/pages\/1015\/revisions\/1196"}],"wp:attachment":[{"href":"https:\/\/servuloinnovationlab.com\/en\/wp-json\/wp\/v2\/media?parent=1015"}],"curies":[{"name":"wp","href":"https:\/\/api.w.org\/{rel}","templated":true}]}}