

{"id":1248,"date":"2025-09-29T09:05:09","date_gmt":"2025-09-29T09:05:09","guid":{"rendered":"https:\/\/servuloinnovationlab.com\/?page_id=1248"},"modified":"2025-12-16T12:40:49","modified_gmt":"2025-12-16T12:40:49","slug":"regulamento","status":"publish","type":"page","link":"https:\/\/servuloinnovationlab.com\/en\/regulamento\/","title":{"rendered":"Regulamento"},"content":{"rendered":"<div data-elementor-type=\"wp-page\" data-elementor-id=\"1248\" class=\"elementor elementor-1248\">\n\t\t\t\t<div class=\"elementor-element elementor-element-e4b0165 e-flex e-con-boxed e-con e-parent\" data-id=\"e4b0165\" data-element_type=\"container\" data-e-type=\"container\">\n\t\t\t\t\t<div class=\"e-con-inner\">\n\t\t\t\t<div class=\"elementor-element elementor-element-1f1317c elementor-widget elementor-widget-text-editor\" data-id=\"1f1317c\" data-element_type=\"widget\" data-e-type=\"widget\" data-widget_type=\"text-editor.default\">\n\t\t\t\t<div class=\"elementor-widget-container\">\n\t\t\t\t\t\t\t\t\t<p><strong>TRAINING REGULATIONS<\/strong><\/p>\n<p>Participants in S\u00e9rvulo Innovation Lab Trainings must be aware and agree to the registration conditions outlined below:<\/p>\n<p><strong>PROGRAMME, TRAININGS ATTENDANCE AND COMPLETION<\/strong><\/p>\n<ul>\n<li>The trainings may be conducted in face-to-face format, remote format or hybrid format, depending on the information provided regarding each programme. The information on the format will be given together with the training context and other relevant information.<br><br><\/li>\n<li>A certificate of attendance may be awarded to participants who, having made the full payment of the training or programme (only applicable in case of paid trainings), complete the session. For trainings and programmes with more than one session, the certificate will be given upon attendance of, at least, 80% of the programme.<br><br><\/li>\n<li>The certificate will be automatically sent to the participant in case of paid trainings. For non-paid trainings, the participant should contact S\u00e9rvulo Innovation Lab\u2019s team to request the issuance of the certificate.<\/li>\n<\/ul>\n<div><span style=\"color: #000000; font-family: Times New Roman;\">&nbsp;<\/span><\/div>\n<div>\n<p><strong>REGISTRATION AND PAYMENT CONDITION<\/strong><\/p>\n<\/div>\n<div>\n<ul>\n<li>Participants must formalize their registration through S\u00e9rvulo Innovation Lab\u2019s website or according to the instructions thereby provided. When registration deadlines are set, S\u00e9rvulo Innovation Lab reserves the right to refuse new registrations.<br><br><\/li>\n<li>\n<p>Registration is considered biding upon receipt of the respective form (as available in S\u00e9rvulo Innovation Lab\u2019s website). From this moment on, and for paid programmes, S\u00e9rvulo Innovation Lab reserves the right to invoice the full programme fee.<\/p>\n<\/li>\n<li>\n<p>In cases of withdrawal, from the participant, the amount in question will not be reimbursed.<\/p>\n<\/li>\n<li>\n<p>In the event of cancellation or rescheduling of the programme or training, the participant will be reimbursed with the already paid amount. In case of rescheduling by S\u00e9rvulo Innovation Lab, the participant may use the already made payment to pay for the new dated training or programme, by informing S\u00e9rvulo Innovation Lab\u2019s team in writing.<\/p>\n<\/li>\n<li>\n<p>The fee must be paid in full upfront for both corporate and individual participants. In such cases, invoices will be issued with the VAT identified by the participant.<\/p>\n<\/li>\n<li>\n<p>S\u00e9rvulo Innovation Lab\u2019s invoices will be issued by S\u00e9rvulo &amp; Associados \u2013 Sociedade de Advogados, SP, SA.<\/p>\n<\/li>\n<\/ul>\n<div><span style=\"color: #000000; font-family: Times New Roman;\">&nbsp;<\/span><\/div>\n<div>\n<p><strong>ACCEPTANCE OF TERMS AND CONDITIONS<\/strong><\/p>\n<\/div>\n<div>\n<ul>\n<li>\n<p>At the time of registration, participants must confirm that they have read and understood these regulations. Submission of the registration form will be considered confirmation of acceptance of the terms outlined herein.<\/p>\n<\/li>\n<li>\n<p>The participant must also read all the regulations and conditions available in S\u00e9rvulo Innovation Lab\u2019s website.<\/p>\n<\/li>\n<\/ul>\n<\/div>\n<\/div>\t\t\t\t\t\t\t\t<\/div>\n\t\t\t\t<\/div>\n\t\t\t\t\t<\/div>\n\t\t\t\t<\/div>\n\t\t\t\t<\/div>","protected":false},"excerpt":{"rendered":"<p>REGULAMENTO DE FORMA\u00c7\u00c3O Os participantes das forma\u00e7\u00f5es promovidas pelo S\u00e9rvulo Innovation Lab devem conhecer e aceitar as condi\u00e7\u00f5es de inscri\u00e7\u00e3o abaixo descritas: PROGRAMA, CONDI\u00c7\u00d5ES DE PARTICIPA\u00c7\u00c3O E CONCLUS\u00c3O DAS FORMA\u00c7\u00d5ES As forma\u00e7\u00f5es podem decorrer em formato presencial, remoto ou h\u00edbrido, consoante a informa\u00e7\u00e3o disponibilizada relativamente a cada programa. A informa\u00e7\u00e3o relevante sobre o formato ser\u00e1 [&hellip;]<\/p>","protected":false},"author":1,"featured_media":0,"parent":0,"menu_order":0,"comment_status":"closed","ping_status":"closed","template":"","meta":{"footnotes":""},"class_list":["post-1248","page","type-page","status-publish","hentry"],"_links":{"self":[{"href":"https:\/\/servuloinnovationlab.com\/en\/wp-json\/wp\/v2\/pages\/1248","targetHints":{"allow":["GET"]}}],"collection":[{"href":"https:\/\/servuloinnovationlab.com\/en\/wp-json\/wp\/v2\/pages"}],"about":[{"href":"https:\/\/servuloinnovationlab.com\/en\/wp-json\/wp\/v2\/types\/page"}],"author":[{"embeddable":true,"href":"https:\/\/servuloinnovationlab.com\/en\/wp-json\/wp\/v2\/users\/1"}],"replies":[{"embeddable":true,"href":"https:\/\/servuloinnovationlab.com\/en\/wp-json\/wp\/v2\/comments?post=1248"}],"version-history":[{"count":19,"href":"https:\/\/servuloinnovationlab.com\/en\/wp-json\/wp\/v2\/pages\/1248\/revisions"}],"predecessor-version":[{"id":1453,"href":"https:\/\/servuloinnovationlab.com\/en\/wp-json\/wp\/v2\/pages\/1248\/revisions\/1453"}],"wp:attachment":[{"href":"https:\/\/servuloinnovationlab.com\/en\/wp-json\/wp\/v2\/media?parent=1248"}],"curies":[{"name":"wp","href":"https:\/\/api.w.org\/{rel}","templated":true}]}}