

{"id":3,"date":"2025-05-26T08:48:07","date_gmt":"2025-05-26T08:48:07","guid":{"rendered":"http:\/\/servuloinnovationlab.com\/?page_id=3"},"modified":"2025-08-28T14:39:48","modified_gmt":"2025-08-28T14:39:48","slug":"politica-privacidade","status":"publish","type":"page","link":"https:\/\/servuloinnovationlab.com\/en\/politica-privacidade\/","title":{"rendered":"Privacy Policy"},"content":{"rendered":"<div data-elementor-type=\"wp-page\" data-elementor-id=\"3\" class=\"elementor elementor-3\">\n\t\t\t\t<div class=\"elementor-element elementor-element-30ffb8fa e-flex e-con-boxed e-con e-parent\" data-id=\"30ffb8fa\" data-element_type=\"container\" data-e-type=\"container\">\n\t\t\t\t\t<div class=\"e-con-inner\">\n\t\t\t\t<div class=\"elementor-element elementor-element-47600fd6 elementor-widget__width-initial elementor-widget elementor-widget-text-editor\" data-id=\"47600fd6\" data-element_type=\"widget\" data-e-type=\"widget\" data-widget_type=\"text-editor.default\">\n\t\t\t\t<div class=\"elementor-widget-container\">\n\t\t\t\t\t\t\t\t\t<p>\u00a0<\/p><p><strong>Privacy Policy<\/strong><\/p><p>Introduction<\/p><p class=\"translation-block\">This Privacy Policy applies to the website https:\/\/www.servuloinnovationlab.com\/ (hereinafter referred to as the \u201cWebsite\u201d), which belongs to S\u00e9rvulo &amp; Associados \u2013 Sociedade de Advogados, SP, S.A. (\u2018S\u00e9rvulo &amp; Associados\u2019) and was created for the purpose of providing information about the processing of personal data of visitors and users (\u2018Users\u2019) by S\u00e9rvulo &amp; Associados in the context of its activity related to the Website.<\/p><p><strong>Responsible for the processing of personal data<\/strong><\/p><p>The entity responsible for the processing of personal data collected through this\u00a0<em>Website<\/em>\u00a0is S\u00e9rvulo &amp; Associados \u2013 Sociedade de Advogados, SP, S.A., legal entity no. 504344285, with headquarters at Rua Garrett, no. 64, 1200-204, in Lisbon.<\/p><p>Users may contact S\u00e9rvulo &amp; Associados for any questions regarding the processing of their personal data referred to in this Policy, as well as to exercise their rights mentioned therein, by email to\u00a0<strong>dados@servulo.com<\/strong>, or by post to the headquarters of S\u00e9rvulo &amp; Associados.<\/p><p><strong>Personal data collected and purposes<\/strong><\/p><p>S\u00e9rvulo &amp; Associados collects different types of personal data from Users according to the purpose for which it is intended:<\/p><ul><li class=\"translation-block\">Newsletter subscription: name and email address for Users who wish to register on the Website to receive news and other communications from S\u00e9rvulo &amp; Associados;<\/li><li class=\"translation-block\">Subscription to invitations and events: name, email address, entity and position for Users who wish to register on the Website to receive emails relating to the activities of S\u00e9rvulo &amp; Associados;<\/li><\/ul><p class=\"translation-block\">In addition to the purposes described above, S\u00e9rvulo &amp; Associados may also process the personal data of Website Users for statistical purposes, limited however to the minimum necessary for this purpose and using anonymisation. For more information, please see our <a href=\"https:\/\/servuloinnovationlab.com\/en\/politica-de-cookies\/\" target=\"_self\"><strong>Cookies Policy<\/strong><\/a>.<\/p><p><strong>Legal basis for processing<\/strong><\/p><p>The processing of personal data for the purpose of sending emails depends on the specific consent of Users, which is the legal basis for the processing of personal data. Users may withdraw their consent at any time and delete their registration by contacting S\u00e9rvulo &amp; Associados through the means indicated above, without this, however, invalidating the previous processing of their data.<\/p><p><strong>Recipients of personal data<\/strong><\/p><p>S\u00e9rvulo &amp; Associados may communicate Users' personal data to:<\/p><ul><li class=\"translation-block\">Entities contracted to provide services that include one or more of the above purposes, as well as the maintenance of the Website, which entities will process the data only on the instructions of S\u00e9rvulo &amp; Associados and in accordance with the terms of the subcontracting agreements entered into;<\/li><li>Third parties whenever it is in compliance with legal obligations or court orders to which S\u00e9rvulo &amp; Associados is subject.<\/li><\/ul><p><strong>Retention of personal data<\/strong><\/p><p>S\u00e9rvulo &amp; Associados will retain Users' personal data for different periods of time, depending on the purposes mentioned above:<\/p><ul><li>Sending news, publications and invitations to events and conferences: until Users withdraw their consent or object to such communications, or within two years after the last contact;<\/li><li>Statistical purposes: S\u00e9rvulo &amp; Associados may retain Users' personal data for longer periods for statistical purposes, limited however to the minimum necessary for those purposes and using anonymisation.<\/li><\/ul><p><strong>Users' rights regarding their personal data<\/strong><\/p><p>Users, as data subjects, have the following rights:<\/p><ul><li>Right of access: Users have the right to request information from S\u00e9rvulo &amp; Associados regarding the processing of their personal data and, if they so request, a copy of their data being processed;<\/li><li>Right of rectification: in the case of incomplete or incorrect data, Users have the right to request its rectification;<\/li><li class=\"translation-block\">Right to erasure: Users have the right to request the erasure of their personal data subject to processing by S\u00e9rvulo &amp; Associados.\nHowever, this right is <b>limited in certain situations<\/b>, such as when the processing of data is necessary to comply with legal obligations to which S\u00e9rvulo &amp; Associados is subject, or when such processing is necessary for the purposes of declaring, exercising or defending a right in legal proceedings.<\/li><li>Right to restriction: Users have the right to request that S\u00e9rvulo &amp; Associados restrict the processing of their personal data or suspend processing activities in cases where:<\/li><\/ul><p>\u00a0 \u00a0 \u00a0 \u00a0 Users contest the accuracy of their personal data, for a period of time that allows S\u00e9rvulo &amp; Associados to verify its accuracy;<\/p><p>\u00a0 \u00a0 \u00a0 \u00a0 The processing is no longer necessary for S\u00e9rvulo &amp; Associados, but the data is required by Users for the purposes of declaration, exercise or defence in legal proceedings;<\/p><p>\u00a0 \u00a0 \u00a0 \u00a0 \u2013 Users have objected to the processing, until it is verified whether the legitimate interests of S\u00e9rvulo &amp; Associados or third parties prevail over those of Users.<\/p><ul><li>Right to portability: Users have the right to receive their personal data, provided through a contract or based on consent, in a structured, commonly used and machine-readable format. They also have the right to have their data transmitted to another controller, where technically feasible;<\/li><li>Right to object: Users have the right to object to the processing of their personal data in cases where the processing is based on the legitimate interests of S\u00e9rvulo &amp; Associados, except in cases where S\u00e9rvulo &amp; Associados presents compelling and legitimate reasons that prevail over the rights of the data subjects;<\/li><li>Automated individual decisions and profiling: Users have the right not to be subject to any decision based solely on automated processing, including profiling, which produces legal effects concerning them or significantly affects them.<\/li><\/ul><p class=\"translation-block\">Users also have the right to lodge a complaint with the <a href=\"http:\/\/www.cnpd.pt\/\" target=\"_self\"><strong>National Data Protection Comission<\/strong><\/a> if they believe that their rights regarding their personal data have not been fulfilled.<\/p><p>When submitting a request to S\u00e9rvulo &amp; Associados regarding any of the above rights, Users may be asked to prove their identity in order to ensure that personal data is only shared with the respective owner. The exercise of these rights is free of charge, except in cases of manifestly unfounded or excessive requests, in which case a reasonable fee may be charged to cover costs.<\/p><p><strong>Security<\/strong><\/p><p class=\"translation-block\">S\u00e9rvulo &amp; Associados will endeavour to protect the confidentiality of Users' personal information. However, due to the development of the Internet, constant changes in technology and other factors beyond our control, we cannot guarantee that communications between Users and the website will be free from unauthorised access by third parties. We accept no responsibility for the disclosure of personal information caused by transmission errors or unauthorised or unlawful acts by third parties.<\/p><p><strong>Updates and changes<\/strong><\/p><p>S\u00e9rvulo &amp; Associados may update or change this Privacy Policy, so we advise you to check our Policy regularly.<\/p><p><strong>Law and jurisdiction<\/strong><\/p><p>This Policy is governed by Portuguese law and any disputes that may arise in relation to it shall be settled by the courts of the district of Lisbon.<\/p><p><em>Date: July 2025<\/em><\/p><p><!-- \/wp:paragraph --><\/p>\t\t\t\t\t\t\t\t<\/div>\n\t\t\t\t<\/div>\n\t\t\t\t\t<\/div>\n\t\t\t\t<\/div>\n\t\t\t\t<\/div>","protected":false},"excerpt":{"rendered":"<p>\u00a0 Pol\u00edtica de Privacidade Introdu\u00e7\u00e3o Esta Pol\u00edtica de Privacidade aplica-se ao\u00a0website\u00a0https:\/\/www.servuloinnovationlab.com\/, (doravante \u201cWebsite\u201d) que pertence \u00e0 S\u00e9rvulo &amp; Associados \u2013 Sociedade de Advogados, SP, S.A. (\u201dS\u00e9rvulo &amp; Associados\u201c) e foi criada com a finalidade de transmitir informa\u00e7\u00e3o sobre o o tratamento dos dados pessoais dos visitantes e utilizadores (\u201cUtilizadores\u201d) pela S\u00e9rvulo &amp; Associados no \u00e2mbito [&hellip;]<\/p>","protected":false},"author":1,"featured_media":0,"parent":0,"menu_order":0,"comment_status":"closed","ping_status":"closed","template":"","meta":{"footnotes":""},"class_list":["post-3","page","type-page","status-publish","hentry"],"_links":{"self":[{"href":"https:\/\/servuloinnovationlab.com\/en\/wp-json\/wp\/v2\/pages\/3","targetHints":{"allow":["GET"]}}],"collection":[{"href":"https:\/\/servuloinnovationlab.com\/en\/wp-json\/wp\/v2\/pages"}],"about":[{"href":"https:\/\/servuloinnovationlab.com\/en\/wp-json\/wp\/v2\/types\/page"}],"author":[{"embeddable":true,"href":"https:\/\/servuloinnovationlab.com\/en\/wp-json\/wp\/v2\/users\/1"}],"replies":[{"embeddable":true,"href":"https:\/\/servuloinnovationlab.com\/en\/wp-json\/wp\/v2\/comments?post=3"}],"version-history":[{"count":28,"href":"https:\/\/servuloinnovationlab.com\/en\/wp-json\/wp\/v2\/pages\/3\/revisions"}],"predecessor-version":[{"id":1202,"href":"https:\/\/servuloinnovationlab.com\/en\/wp-json\/wp\/v2\/pages\/3\/revisions\/1202"}],"wp:attachment":[{"href":"https:\/\/servuloinnovationlab.com\/en\/wp-json\/wp\/v2\/media?parent=3"}],"curies":[{"name":"wp","href":"https:\/\/api.w.org\/{rel}","templated":true}]}}