

{"id":365,"date":"2025-06-23T10:11:02","date_gmt":"2025-06-23T10:11:02","guid":{"rendered":"https:\/\/servuloinnovationlab.com\/?page_id=365"},"modified":"2025-09-02T10:46:23","modified_gmt":"2025-09-02T10:46:23","slug":"contacto","status":"publish","type":"page","link":"https:\/\/servuloinnovationlab.com\/en\/contacto\/","title":{"rendered":"Contact"},"content":{"rendered":"<div data-elementor-type=\"wp-page\" data-elementor-id=\"365\" class=\"elementor elementor-365\">\n\t\t\t\t<div class=\"elementor-element elementor-element-d7bff70 e-flex e-con-boxed e-con e-parent\" data-id=\"d7bff70\" data-element_type=\"container\" data-e-type=\"container\">\n\t\t\t\t\t<div class=\"e-con-inner\">\n\t\t<div class=\"elementor-element elementor-element-8508a8e e-con-full e-flex e-con e-child\" data-id=\"8508a8e\" data-element_type=\"container\" data-e-type=\"container\">\n\t\t\t\t<div class=\"elementor-element elementor-element-03b0c88 elementor-widget__width-initial elementor-widget elementor-widget-text-editor\" data-id=\"03b0c88\" data-element_type=\"widget\" data-e-type=\"widget\" data-widget_type=\"text-editor.default\">\n\t\t\t\t<div class=\"elementor-widget-container\">\n\t\t\t\t\t\t\t\t\t<p><strong><span style=\"font-size: 25px;\">Interested in our training programmes?<\/span><\/strong><br>Fill out this form to obtain detailed information about each training course. We will help you identify the option that best suits your professional goals.&nbsp; <br>For any further questions, you may also contact us by email at&nbsp;<b>innovationlab@servulo.com<\/b> or telephone&nbsp;<b>+351 210 933 000<\/b>.&nbsp;<\/p>\t\t\t\t\t\t\t\t<\/div>\n\t\t\t\t<\/div>\n\t\t\t\t<\/div>\n\t\t\t\t<div class=\"elementor-element elementor-element-420e3e8e elementor-widget elementor-widget-text-editor\" data-id=\"420e3e8e\" data-element_type=\"widget\" data-e-type=\"widget\" data-widget_type=\"text-editor.default\">\n\t\t\t\t<div class=\"elementor-widget-container\">\n\t\t\t\t\t\t\t\t\t<p>\u00a0<\/p>\n<div class=\"wpcf7 no-js\" id=\"wpcf7-f364-o1\" lang=\"pt-PT\" dir=\"ltr\" data-wpcf7-id=\"364\">\n<div class=\"screen-reader-response\">\n<p role=\"status\" aria-live=\"polite\" aria-atomic=\"true\">\n<ul><\/ul>\n<\/div>\n<form action=\"\/en\/wp-json\/wp\/v2\/pages\/365#wpcf7-f364-o1\" method=\"post\" class=\"wpcf7-form init\" aria-label=\"Formul\u00e1rio de contacto\" novalidate=\"novalidate\" data-status=\"init\" data-trp-original-action=\"\/en\/wp-json\/wp\/v2\/pages\/365#wpcf7-f364-o1\">\n<fieldset class=\"hidden-fields-container\"><input type=\"hidden\" name=\"_wpcf7\" value=\"364\" \/><input type=\"hidden\" name=\"_wpcf7_version\" value=\"6.1.1\" \/><input type=\"hidden\" name=\"_wpcf7_locale\" value=\"pt_PT\" \/><input type=\"hidden\" name=\"_wpcf7_unit_tag\" value=\"wpcf7-f364-o1\" \/><input type=\"hidden\" name=\"_wpcf7_container_post\" value=\"0\" \/><input type=\"hidden\" name=\"_wpcf7_posted_data_hash\" value=\"\" \/><input type=\"hidden\" name=\"_wpcf7cf_hidden_group_fields\" value=\"[]\" \/><input type=\"hidden\" name=\"_wpcf7cf_hidden_groups\" value=\"[]\" \/><input type=\"hidden\" name=\"_wpcf7cf_visible_groups\" value=\"[]\" \/><input type=\"hidden\" name=\"_wpcf7cf_repeaters\" value=\"[]\" \/><input type=\"hidden\" name=\"_wpcf7cf_steps\" value=\"{}\" \/><input type=\"hidden\" name=\"_wpcf7cf_options\" value=\"{&quot;form_id&quot;:364,&quot;conditions&quot;:[{&quot;then_field&quot;:&quot;grupo-formacao&quot;,&quot;and_rules&quot;:[{&quot;if_field&quot;:&quot;tipo-contato&quot;,&quot;operator&quot;:&quot;equals&quot;,&quot;if_value&quot;:&quot;Forma\\u00e7\\u00f5es&quot;}]}],&quot;settings&quot;:{&quot;animation&quot;:&quot;yes&quot;,&quot;animation_intime&quot;:200,&quot;animation_outtime&quot;:200,&quot;conditions_ui&quot;:&quot;normal&quot;,&quot;notice_dismissed&quot;:false}}\" \/><br \/>\n<\/fieldset>\n<div class=\"form-row\">\n<div class=\"form-col\">\n<p><label>Type of contact *<\/label><br \/>\n<span class=\"wpcf7-form-control-wrap\" data-name=\"tipo-contato\"><select class=\"wpcf7-form-control wpcf7-select wpcf7-validates-as-required\" aria-required=\"true\" aria-invalid=\"false\" name=\"tipo-contato\"><option value=\"\">&#8212;Por favor escolha uma op\u00e7\u00e3o&#8212;<\/option><option value=\"Quest\u00e3o geral\">General question<\/option><option value=\"Forma\u00e7\u00f5es\">Trainings<\/option><\/select><\/span>\n\t\t<\/p>\n<\/p><\/div>\n<\/div>\n<div data-id=\"grupo-formacao\" data-orig_data_id=\"grupo-formacao\"  class=\"\" data-class=\"wpcf7cf_group\">\n<div class=\"form-row\">\n<div class=\"form-col\">\n<p><label>Select a Training Programme *<\/label><br \/>\n<span class=\"wpcf7-form-control-wrap\" data-name=\"formacao\"><select class=\"wpcf7-form-control wpcf7-select wpcf7-validates-as-required\" aria-required=\"true\" aria-invalid=\"false\" name=\"formacao\"><option value=\"\">&#8212;Por favor escolha uma op\u00e7\u00e3o&#8212;<\/option><option value=\"Breve Curso de IRS\">Short Course on Income Tax<\/option><option value=\"O Regime da Gest\u00e3o de Ativos\">The Asset Management Regime<\/option><option value=\"ESG: a Diretiva Omnibus I os deveres de reporte e de dilig\u00eancia devida\">ESG: The Omnibus Directive I reporting and due diligence obligations<\/option><\/select><\/span>\n\t\t\t<\/p>\n<\/p><\/div>\n<\/p><\/div>\n<\/div>\n<div class=\"form-row\">\n<div class=\"form-col\">\n<p><label>Full Name *<\/label><br \/>\n<span class=\"wpcf7-form-control-wrap\" data-name=\"nome-completo\"><input size=\"40\" maxlength=\"400\" class=\"wpcf7-form-control wpcf7-text wpcf7-validates-as-required\" aria-required=\"true\" aria-invalid=\"false\" value=\"\" type=\"text\" name=\"nome-completo\" \/><\/span>\n\t\t<\/p>\n<\/p><\/div>\n<\/div>\n<div class=\"form-row\">\n<div class=\"form-col\">\n<p><label>Email Address<\/label><br \/>\n<span class=\"wpcf7-form-control-wrap\" data-name=\"email\"><input size=\"40\" maxlength=\"400\" class=\"wpcf7-form-control wpcf7-email wpcf7-validates-as-required wpcf7-text wpcf7-validates-as-email\" aria-required=\"true\" aria-invalid=\"false\" value=\"\" type=\"email\" name=\"email\" \/><\/span>\n\t\t<\/p>\n<\/p><\/div>\n<\/div>\n<div class=\"form-row\">\n<div class=\"form-col-half\">\n<p><label>Phone Number<\/label><br \/>\n<span class=\"wpcf7-form-control-wrap\" data-name=\"telefone\"><input size=\"40\" maxlength=\"400\" class=\"wpcf7-form-control wpcf7-tel wpcf7-text wpcf7-validates-as-tel\" aria-invalid=\"false\" value=\"\" type=\"tel\" name=\"telefone\" \/><\/span>\n\t\t<\/p>\n<\/p><\/div>\n<div class=\"form-col-half\">\n<p><label>Tax Identification Number (NIF)<\/label><br \/>\n<span class=\"wpcf7-form-control-wrap\" data-name=\"nif\"><input size=\"40\" maxlength=\"400\" class=\"wpcf7-form-control wpcf7-text\" aria-invalid=\"false\" value=\"\" type=\"text\" name=\"nif\" \/><\/span>\n\t\t<\/p>\n<\/p><\/div>\n<\/div>\n<div class=\"form-row\">\n<div class=\"form-col\">\n<p><label>Address<\/label><br \/>\n<span class=\"wpcf7-form-control-wrap\" data-name=\"endereco\"><input size=\"40\" maxlength=\"400\" class=\"wpcf7-form-control wpcf7-text\" aria-invalid=\"false\" value=\"\" type=\"text\" name=\"endereco\" \/><\/span>\n\t\t<\/p>\n<\/p><\/div>\n<\/div>\n<div class=\"form-row\">\n<div class=\"form-col\">\n<p><label>Company (if applicable)<\/label><br \/>\n<span class=\"wpcf7-form-control-wrap\" data-name=\"empresa\"><input size=\"40\" maxlength=\"400\" class=\"wpcf7-form-control wpcf7-text\" aria-invalid=\"false\" value=\"\" type=\"text\" name=\"empresa\" \/><\/span>\n\t\t<\/p>\n<\/p><\/div>\n<\/div>\n<div class=\"form-row\">\n<div class=\"form-col\">\n<p><label>Position (if applicable)<\/label><br \/>\n<span class=\"wpcf7-form-control-wrap\" data-name=\"cargo\"><input size=\"40\" maxlength=\"400\" class=\"wpcf7-form-control wpcf7-text\" aria-invalid=\"false\" value=\"\" type=\"text\" name=\"cargo\" \/><\/span>\n\t\t<\/p>\n<\/p><\/div>\n<\/div>\n<div class=\"form-row\">\n<div class=\"form-col\">\n<p><label>Comments<\/label><br \/>\n<span class=\"wpcf7-form-control-wrap\" data-name=\"textarea-711\"><textarea cols=\"40\" rows=\"10\" maxlength=\"2000\" class=\"wpcf7-form-control wpcf7-textarea observacoes\" aria-invalid=\"false\" name=\"textarea-711\"><\/textarea><\/span>\n\t\t<\/p>\n<\/p><\/div>\n<\/div>\n<div class=\"form-row\">\n<div class=\"form-col\">\n<p><input class=\"wpcf7-form-control wpcf7-submit has-spinner btn-submit\" type=\"submit\" value=\"Sign me up\" \/>\n\t\t<\/p>\n<\/p><\/div>\n<\/div>\n<div class=\"form-disclaimer\">\n<p><span class=\"wpcf7-form-control-wrap\" data-name=\"acceptance-834\"><span class=\"wpcf7-form-control wpcf7-acceptance\"><span class=\"wpcf7-list-item\"><label><input type=\"checkbox\" name=\"acceptance-834\" value=\"1\" class=\"consent\" aria-invalid=\"false\" \/><span class=\"wpcf7-list-item-label\">I authorise the processing of my personal data for registration\/application information purposes.<\/span><\/label><\/span><\/span><\/span>\n\t<\/p>\n<p>For information about privacy and the processing of your personal data, please see: <a href=\"https:\/\/servuloinnovationlab.com\/en\/politica-privacidade\/\" target=\"_blank\" rel=\"noopener\">Privacy Policy<\/a>\n\t<\/p>\n<\/div>\n<div class=\"wpcf7-response-output\" aria-hidden=\"true\"><\/div>\n<input type=\"hidden\" name=\"trp-form-language\" value=\"en\"\/><\/form>\n<\/div>\n\t\t\t\t\t\t\t\t<\/div>\n\t\t\t\t<\/div>\n\t\t\t\t\t<\/div>\n\t\t\t\t<\/div>\n\t\t\t\t<\/div>","protected":false},"excerpt":{"rendered":"<p>Interessado(a) nas nossas forma\u00e7\u00f5es?Preencha este formul\u00e1rio para obter informa\u00e7\u00f5es detalhadas sobre cada forma\u00e7\u00e3o. Iremos ajud\u00e1-lo(a) a identificar a op\u00e7\u00e3o mais adequada aos seus objetivos profissionais.&nbsp; Para qualquer quest\u00e3o adicional, poder\u00e1 ainda contactar-nos atrav\u00e9s do email&nbsp;innovationlab@servulo.com ou por telefone&nbsp;+351 210 933 000.&nbsp;<\/p>","protected":false},"author":1,"featured_media":0,"parent":0,"menu_order":0,"comment_status":"closed","ping_status":"closed","template":"","meta":{"footnotes":""},"class_list":["post-365","page","type-page","status-publish","hentry"],"_links":{"self":[{"href":"https:\/\/servuloinnovationlab.com\/en\/wp-json\/wp\/v2\/pages\/365","targetHints":{"allow":["GET"]}}],"collection":[{"href":"https:\/\/servuloinnovationlab.com\/en\/wp-json\/wp\/v2\/pages"}],"about":[{"href":"https:\/\/servuloinnovationlab.com\/en\/wp-json\/wp\/v2\/types\/page"}],"author":[{"embeddable":true,"href":"https:\/\/servuloinnovationlab.com\/en\/wp-json\/wp\/v2\/users\/1"}],"replies":[{"embeddable":true,"href":"https:\/\/servuloinnovationlab.com\/en\/wp-json\/wp\/v2\/comments?post=365"}],"version-history":[{"count":25,"href":"https:\/\/servuloinnovationlab.com\/en\/wp-json\/wp\/v2\/pages\/365\/revisions"}],"predecessor-version":[{"id":1220,"href":"https:\/\/servuloinnovationlab.com\/en\/wp-json\/wp\/v2\/pages\/365\/revisions\/1220"}],"wp:attachment":[{"href":"https:\/\/servuloinnovationlab.com\/en\/wp-json\/wp\/v2\/media?parent=365"}],"curies":[{"name":"wp","href":"https:\/\/api.w.org\/{rel}","templated":true}]}}