

{"id":884,"date":"2025-08-05T15:18:40","date_gmt":"2025-08-05T15:18:40","guid":{"rendered":"https:\/\/servuloinnovationlab.com\/?page_id=884"},"modified":"2025-09-22T09:31:40","modified_gmt":"2025-09-22T09:31:40","slug":"corporate","status":"publish","type":"page","link":"https:\/\/servuloinnovationlab.com\/en\/corporate\/","title":{"rendered":"Corporate"},"content":{"rendered":"<div data-elementor-type=\"wp-page\" data-elementor-id=\"884\" class=\"elementor elementor-884\">\n\t\t\t\t<div class=\"elementor-element elementor-element-78a480f e-flex e-con-boxed e-con e-parent\" data-id=\"78a480f\" data-element_type=\"container\" data-e-type=\"container\">\n\t\t\t\t\t<div class=\"e-con-inner\">\n\t\t<div class=\"elementor-element elementor-element-da75af7 e-con-full e-flex e-con e-child\" data-id=\"da75af7\" data-element_type=\"container\" data-e-type=\"container\">\n\t\t\t\t<div class=\"elementor-element elementor-element-3690039 elementor-widget-mobile__width-initial elementor-widget elementor-widget-heading\" data-id=\"3690039\" data-element_type=\"widget\" data-e-type=\"widget\" data-widget_type=\"heading.default\">\n\t\t\t\t<div class=\"elementor-widget-container\">\n\t\t\t\t\t<h2 class=\"elementor-heading-title elementor-size-default\"><span style=\"color: #00AEEF\">Enhance<\/span> your knowledge here<\/h2>\t\t\t\t<\/div>\n\t\t\t\t<\/div>\n\t\t\t\t<\/div>\n\t\t<div class=\"elementor-element elementor-element-482876c e-con-full e-flex e-con e-child\" data-id=\"482876c\" data-element_type=\"container\" data-e-type=\"container\">\n\t\t<div class=\"elementor-element elementor-element-82576ca e-grid e-con-full e-con e-child\" data-id=\"82576ca\" data-element_type=\"container\" data-e-type=\"container\">\n\t\t<div class=\"elementor-element elementor-element-e37c369 e-con-full e-flex e-con e-child\" data-id=\"e37c369\" data-element_type=\"container\" data-e-type=\"container\">\n\t\t<div class=\"elementor-element elementor-element-5aa619e e-con-full e-flex e-con e-child\" data-id=\"5aa619e\" data-element_type=\"container\" data-e-type=\"container\">\n\t\t\t\t<div class=\"elementor-element elementor-element-2474d1f elementor-widget-mobile__width-initial elementor-widget elementor-widget-text-editor\" data-id=\"2474d1f\" data-element_type=\"widget\" data-e-type=\"widget\" data-widget_type=\"text-editor.default\">\n\t\t\t\t<div class=\"elementor-widget-container\">\n\t\t\t\t\t\t\t\t\t<span style=\"line-height: 10px; display: block; font-size: 22px; font-weight: bold; margin-bottom: 17px; color: #00aeef; font-family: Inter, Arial, sans-serif;\">Target audience<\/span><span style=\"color: #01064c; line-height: 10px; font-family: Inter, Arial, sans-serif; font-size: 22px;\">Legal and management teams of companies from different sectors<\/span>\t\t\t\t\t\t\t\t<\/div>\n\t\t\t\t<\/div>\n\t\t<div class=\"elementor-element elementor-element-cbd4266 e-con-full e-flex e-con e-child\" data-id=\"cbd4266\" data-element_type=\"container\" data-e-type=\"container\" data-settings=\"{&quot;background_background&quot;:&quot;classic&quot;}\">\n\t\t\t\t<div class=\"elementor-element elementor-element-38f02f9 elementor-widget-mobile__width-initial elementor-widget elementor-widget-text-editor\" data-id=\"38f02f9\" data-element_type=\"widget\" data-e-type=\"widget\" data-widget_type=\"text-editor.default\">\n\t\t\t\t<div class=\"elementor-widget-container translation-block\">All training courses\nare <strong>customisable<\/strong>,\naccording to the needs\nor sector of the company.<\/div>\n\t\t\t\t<\/div>\n\t\t\t\t<div class=\"elementor-element elementor-element-073bcea elementor-widget elementor-widget-button\" data-id=\"073bcea\" data-element_type=\"widget\" data-e-type=\"widget\" data-widget_type=\"button.default\">\n\t\t\t\t<div class=\"elementor-widget-container\">\n\t\t\t\t\t\t\t\t\t<div class=\"elementor-button-wrapper\">\n\t\t\t\t\t<a class=\"elementor-button elementor-button-link elementor-size-sm\" href=\"https:\/\/servuloinnovationlab.com\/en\/contacto\/\">\n\t\t\t\t\t\t<span class=\"elementor-button-content-wrapper\">\n\t\t\t\t\t\t<span class=\"elementor-button-icon\">\n\t\t\t\t<svg aria-hidden=\"true\" class=\"e-font-icon-svg e-fas-long-arrow-alt-right\" viewbox=\"0 0 448 512\" xmlns=\"http:\/\/www.w3.org\/2000\/svg\"><path d=\"M313.941 216H12c-6.627 0-12 5.373-12 12v56c0 6.627 5.373 12 12 12h301.941v46.059c0 21.382 25.851 32.09 40.971 16.971l86.059-86.059c9.373-9.373 9.373-24.569 0-33.941l-86.059-86.059c-15.119-15.119-40.971-4.411-40.971 16.971V216z\"><\/path><\/svg>\t\t\t<\/span>\n\t\t\t\t\t\t\t\t\t<span class=\"elementor-button-text\">Contact us<\/span>\n\t\t\t\t\t<\/span>\n\t\t\t\t\t<\/a>\n\t\t\t\t<\/div>\n\t\t\t\t\t\t\t\t<\/div>\n\t\t\t\t<\/div>\n\t\t\t\t<\/div>\n\t\t\t\t<\/div>\n\t\t\t\t<\/div>\n\t\t\t\t<div class=\"elementor-element elementor-element-472d6f5 elementor-widget-mobile__width-initial elementor-widget elementor-widget-text-editor\" data-id=\"472d6f5\" data-element_type=\"widget\" data-e-type=\"widget\" data-widget_type=\"text-editor.default\">\n\t\t\t\t<div class=\"elementor-widget-container\">\n\t\t\t\t\t\t\t\t\t<p><span style=\"white-space-collapse: preserve;\">S\u00c9RVULO INNOVATION LAB offers specialised training courses that promote excellence and development. <\/span><\/p>\n<p><span style=\"white-space-collapse: preserve;\">Based on the principle of multidisciplinarity, these training courses aim to provide a comprehensive approach to cross-cutting topics, particularly in the areas of Law, Management and Soft Skills, with the possibility of international training expansion through the S\u00c9RVULO LATITUDE \u29b5 network <\/span><span style=\"white-space-collapse: preserve;\">. <\/span><\/p>\n<p>We also have an extensive network of standardised training courses in various key areas, while simultaneously developing customised training programmes for clients and partner entities. The training plan is developed with the client to meet the specific training needs of companies, relying on a multidisciplinary team of lawyers and professionals from S\u00c9RVULO.<\/p>\t\t\t\t\t\t\t\t<\/div>\n\t\t\t\t<\/div>\n\t\t\t\t<\/div>\n\t\t\t\t<\/div>\n\t\t\t\t<div class=\"elementor-element elementor-element-dcb6cae elementor-absolute elementor-hidden-tablet elementor-hidden-mobile elementor-widget elementor-widget-image\" data-id=\"dcb6cae\" data-element_type=\"widget\" data-e-type=\"widget\" data-settings=\"{&quot;_position&quot;:&quot;absolute&quot;}\" data-widget_type=\"image.default\">\n\t\t\t\t<div class=\"elementor-widget-container\">\n\t\t\t\t\t\t\t\t\t\t\t\t\t\t\t<img fetchpriority=\"high\" decoding=\"async\" width=\"173\" height=\"1024\" src=\"https:\/\/servuloinnovationlab.com\/wp-content\/uploads\/2025\/08\/CorporateEsquerda-173x1024.png\" class=\"attachment-large size-large wp-image-1034\" alt=\"\" srcset=\"https:\/\/servuloinnovationlab.com\/wp-content\/uploads\/2025\/08\/CorporateEsquerda-173x1024.png 173w, https:\/\/servuloinnovationlab.com\/wp-content\/uploads\/2025\/08\/CorporateEsquerda-2x12.png 2w\" sizes=\"(max-width: 173px) 100vw, 173px\" \/>\t\t\t\t\t\t\t\t\t\t\t\t\t\t\t<\/div>\n\t\t\t\t<\/div>\n\t\t\t\t<div class=\"elementor-element elementor-element-1b7be33 elementor-absolute elementor-hidden-tablet elementor-hidden-mobile elementor-widget elementor-widget-image\" data-id=\"1b7be33\" data-element_type=\"widget\" data-e-type=\"widget\" data-settings=\"{&quot;_position&quot;:&quot;absolute&quot;}\" data-widget_type=\"image.default\">\n\t\t\t\t<div class=\"elementor-widget-container\">\n\t\t\t\t\t\t\t\t\t\t\t\t\t\t\t<img decoding=\"async\" width=\"225\" height=\"1024\" src=\"https:\/\/servuloinnovationlab.com\/wp-content\/uploads\/2025\/08\/CorporateDireita-225x1024.png\" class=\"attachment-large size-large wp-image-1035\" alt=\"\" srcset=\"https:\/\/servuloinnovationlab.com\/wp-content\/uploads\/2025\/08\/CorporateDireita-225x1024.png 225w, https:\/\/servuloinnovationlab.com\/wp-content\/uploads\/2025\/08\/CorporateDireita-66x300.png 66w, https:\/\/servuloinnovationlab.com\/wp-content\/uploads\/2025\/08\/CorporateDireita.png 300w\" sizes=\"(max-width: 225px) 100vw, 225px\" \/>\t\t\t\t\t\t\t\t\t\t\t\t\t\t\t<\/div>\n\t\t\t\t<\/div>\n\t\t\t\t\t<\/div>\n\t\t\t\t<\/div>\n\t\t<div class=\"elementor-element elementor-element-d4b9f20 e-flex e-con-boxed e-con e-parent\" data-id=\"d4b9f20\" data-element_type=\"container\" data-e-type=\"container\">\n\t\t\t\t\t<div class=\"e-con-inner\">\n\t\t\t\t<div class=\"elementor-element elementor-element-eb14603 elementor-widget-mobile__width-initial elementor-widget elementor-widget-shortcode\" data-id=\"eb14603\" data-element_type=\"widget\" data-e-type=\"widget\" data-widget_type=\"shortcode.default\">\n\t\t\t\t<div class=\"elementor-widget-container\">\n\t\t\t\t\t\t\t<div class=\"elementor-shortcode\">    <div class=\"cards-row servulo-category-swiper\">\n      <div class=\"swiper servulo-category-swiper-container\">\n        <div class=\"swiper-wrapper\">\n                        <div class=\"swiper-slide\">\n                <a href=\"https:\/\/servuloinnovationlab.com\/en\/formacoes\/diretiva_omnibus_deveres_de_reporte_e_diligencia_devida\/\" class=\"card-link\">\n                  <div class=\"custom-card\" style=\"background-image: url('https:\/\/servuloinnovationlab.com\/wp-content\/uploads\/2025\/06\/corporate-ESG_compressed-1024x575.jpg');\">\n                      <div class=\"custom-gradient\"><\/div>\n                    <div class=\"custom-card-gradient\">\n                      <div class=\"card-date\">\n                        21 May 2026                      <\/div>\n                      <div class=\"card-title clamp-2\">ESG: The Omnibus Directive I reporting and due diligence obligations<\/div>\n                      <div class=\"card-excerpt clamp-2\">Integra\u00e7\u00e3o Estrat\u00e9gica para Valor Sustent\u00e1vel<\/div>\n                    <\/div>\n                  <\/div>\n                <\/a>\n              <\/div>\n                            <div class=\"swiper-slide\">\n                <a href=\"https:\/\/servuloinnovationlab.com\/en\/formacoes\/o-regime-da-gestao-de-ativos\/\" class=\"card-link\">\n                  <div class=\"custom-card\" style=\"background-image: url('https:\/\/servuloinnovationlab.com\/wp-content\/uploads\/2025\/07\/regime_gestaoa_ativos-768x1024.jpg');\">\n                      <div class=\"custom-gradient\"><\/div>\n                    <div class=\"custom-card-gradient\">\n                      <div class=\"card-date\">\n                        03 Jun 2026                      <\/div>\n                      <div class=\"card-title clamp-2\">The Asset Management Regime<\/div>\n                      <div class=\"card-excerpt clamp-2\"><\/div>\n                    <\/div>\n                  <\/div>\n                <\/a>\n              <\/div>\n                      <\/div>\n        <!-- Navega\u00e7\u00e3o \n        <div class=\"swiper-button-prev servulo-category-prev\"><\/div>\n        <div class=\"swiper-button-next servulo-category-next\"><\/div> -->\n      <\/div>\n    <\/div>\n    <\/div>\n\t\t\t\t\t\t<\/div>\n\t\t\t\t<\/div>\n\t\t\t\t\t<\/div>\n\t\t\t\t<\/div>\n\t\t<div class=\"elementor-element elementor-element-32f4759 e-flex e-con-boxed e-con e-parent\" data-id=\"32f4759\" data-element_type=\"container\" data-e-type=\"container\">\n\t\t\t\t\t<div class=\"e-con-inner\">\n\t\t\t\t<div class=\"elementor-element elementor-element-acc0a1d elementor-widget-mobile__width-initial elementor-widget elementor-widget-heading\" data-id=\"acc0a1d\" data-element_type=\"widget\" data-e-type=\"widget\" data-widget_type=\"heading.default\">\n\t\t\t\t<div class=\"elementor-widget-container\">\n\t\t\t\t\t<h2 class=\"elementor-heading-title elementor-size-default\">More Training Programs<\/h2>\t\t\t\t<\/div>\n\t\t\t\t<\/div>\n\t\t\t\t<div class=\"elementor-element elementor-element-4e4ea58 elementor-widget-mobile__width-initial elementor-widget elementor-widget-shortcode\" data-id=\"4e4ea58\" data-element_type=\"widget\" data-e-type=\"widget\" data-widget_type=\"shortcode.default\">\n\t\t\t\t<div class=\"elementor-widget-container\">\n\t\t\t\t\t\t\t<div class=\"elementor-shortcode\"><div class=\"programas-formacao-grid programas-colunas-3\"><div class=\"programa-item\"><div class=\"programa-content\"><h3 class=\"programa-titulo\">Corporate Governance<\/h3><p class=\"programa-descricao\">Sound corporate governance starts with a robust legal foundation.<\/p><\/div><\/div><div class=\"programa-item\"><div class=\"programa-content\"><h3 class=\"programa-titulo\">Prevention of Money Laundering<\/h3><p class=\"programa-descricao\">Strengthen your company\u2019s protection \u2014 be part of preventing money laundering.<\/p><\/div><\/div><div class=\"programa-item\"><div class=\"programa-content\"><h3 class=\"programa-titulo\">ESG \u2013 Practical Implications<\/h3><p class=\"programa-descricao\">Learn how to keep up with current ESG requirements.<\/p><\/div><\/div><\/div><\/div>\n\t\t\t\t\t\t<\/div>\n\t\t\t\t<\/div>\n\t\t\t\t\t<\/div>\n\t\t\t\t<\/div>\n\t\t\t\t<\/div>","protected":false},"excerpt":{"rendered":"<p>Aprofunde o seu conhecimento aqui. Destinat\u00e1riosEquipas jur\u00eddicas e de gest\u00e3o de empresas de diversos sectoresTodas as forma\u00e7\u00f5es s\u00e3o customiz\u00e1veis, de acordo com as necessidades ou sector da empresa. Contacte-nos O S\u00c9RVULO INNOVATION LAB oferece forma\u00e7\u00f5es especializadas que promovem a excel\u00eancia e o desenvolvimento. Assentes no princ\u00edpio da multidisciplinariedade, estas forma\u00e7\u00f5es visam uma abordagem abrangente de [&hellip;]<\/p>","protected":false},"author":1,"featured_media":0,"parent":0,"menu_order":0,"comment_status":"closed","ping_status":"closed","template":"","meta":{"footnotes":""},"class_list":["post-884","page","type-page","status-publish","hentry"],"_links":{"self":[{"href":"https:\/\/servuloinnovationlab.com\/en\/wp-json\/wp\/v2\/pages\/884","targetHints":{"allow":["GET"]}}],"collection":[{"href":"https:\/\/servuloinnovationlab.com\/en\/wp-json\/wp\/v2\/pages"}],"about":[{"href":"https:\/\/servuloinnovationlab.com\/en\/wp-json\/wp\/v2\/types\/page"}],"author":[{"embeddable":true,"href":"https:\/\/servuloinnovationlab.com\/en\/wp-json\/wp\/v2\/users\/1"}],"replies":[{"embeddable":true,"href":"https:\/\/servuloinnovationlab.com\/en\/wp-json\/wp\/v2\/comments?post=884"}],"version-history":[{"count":46,"href":"https:\/\/servuloinnovationlab.com\/en\/wp-json\/wp\/v2\/pages\/884\/revisions"}],"predecessor-version":[{"id":1237,"href":"https:\/\/servuloinnovationlab.com\/en\/wp-json\/wp\/v2\/pages\/884\/revisions\/1237"}],"wp:attachment":[{"href":"https:\/\/servuloinnovationlab.com\/en\/wp-json\/wp\/v2\/media?parent=884"}],"curies":[{"name":"wp","href":"https:\/\/api.w.org\/{rel}","templated":true}]}}