

{"id":894,"date":"2025-08-06T14:29:35","date_gmt":"2025-08-06T14:29:35","guid":{"rendered":"https:\/\/servuloinnovationlab.com\/?page_id=894"},"modified":"2026-01-13T23:49:35","modified_gmt":"2026-01-13T23:49:35","slug":"academic","status":"publish","type":"page","link":"https:\/\/servuloinnovationlab.com\/en\/academic\/","title":{"rendered":"Academic"},"content":{"rendered":"<div data-elementor-type=\"wp-page\" data-elementor-id=\"894\" class=\"elementor elementor-894\">\n\t\t\t\t<div class=\"elementor-element elementor-element-b3841d4 e-flex e-con-boxed e-con e-parent\" data-id=\"b3841d4\" data-element_type=\"container\" data-e-type=\"container\">\n\t\t\t\t\t<div class=\"e-con-inner\">\n\t\t<div class=\"elementor-element elementor-element-6ecd8ac e-con-full e-flex e-con e-child\" data-id=\"6ecd8ac\" data-element_type=\"container\" data-e-type=\"container\">\n\t\t<div class=\"elementor-element elementor-element-c26acce e-con-full e-flex e-con e-child\" data-id=\"c26acce\" data-element_type=\"container\" data-e-type=\"container\">\n\t\t\t\t<div class=\"elementor-element elementor-element-85a4145 elementor-widget-mobile__width-initial elementor-widget elementor-widget-heading\" data-id=\"85a4145\" data-element_type=\"widget\" data-e-type=\"widget\" data-widget_type=\"heading.default\">\n\t\t\t\t<div class=\"elementor-widget-container\">\n\t\t\t\t\t<h2 class=\"elementor-heading-title elementor-size-default\">The <span style=\"color: #00AEEF\">Future<\/span><br>starts here!<\/h2>\t\t\t\t<\/div>\n\t\t\t\t<\/div>\n\t\t\t\t<\/div>\n\t\t<div class=\"elementor-element elementor-element-017d4c8 e-con-full e-flex e-con e-child\" data-id=\"017d4c8\" data-element_type=\"container\" data-e-type=\"container\">\n\t\t<div class=\"elementor-element elementor-element-96a9ec2 e-grid e-con-full e-con e-child\" data-id=\"96a9ec2\" data-element_type=\"container\" data-e-type=\"container\">\n\t\t<div class=\"elementor-element elementor-element-9ed50e1 e-con-full e-flex e-con e-child\" data-id=\"9ed50e1\" data-element_type=\"container\" data-e-type=\"container\">\n\t\t<div class=\"elementor-element elementor-element-ebc49fc e-con-full e-flex e-con e-child\" data-id=\"ebc49fc\" data-element_type=\"container\" data-e-type=\"container\">\n\t\t\t\t<div class=\"elementor-element elementor-element-9e3ffdd elementor-widget-mobile__width-initial elementor-widget elementor-widget-text-editor\" data-id=\"9e3ffdd\" data-element_type=\"widget\" data-e-type=\"widget\" data-widget_type=\"text-editor.default\">\n\t\t\t\t<div class=\"elementor-widget-container\">\n\t\t\t\t\t\t\t\t\t<p><span style=\"line-height: 10px; display: block; font-size: 22px; font-weight: bold; margin-bottom: 17px; color: #00aeef; font-family: Inter, Arial, sans-serif;\">Target audience<\/span><span style=\"color: #01064c; font-family: Inter, Arial, sans-serif;\"><span style=\"font-size: 22px;\">University students<\/span><\/span><\/p>\t\t\t\t\t\t\t\t<\/div>\n\t\t\t\t<\/div>\n\t\t<div class=\"elementor-element elementor-element-004e3ae e-con-full e-flex e-con e-child\" data-id=\"004e3ae\" data-element_type=\"container\" data-e-type=\"container\" data-settings=\"{&quot;background_background&quot;:&quot;classic&quot;}\">\n\t\t\t\t<div class=\"elementor-element elementor-element-c6bc7ab elementor-widget-mobile__width-initial elementor-widget elementor-widget-text-editor\" data-id=\"c6bc7ab\" data-element_type=\"widget\" data-e-type=\"widget\" data-widget_type=\"text-editor.default\">\n\t\t\t\t<div class=\"elementor-widget-container\">\n\t\t\t\t\t\t\t\t\t<p>All training programmes are designed <br \/>to develop both Legal and Soft Skills, essential for entering the job <br \/>market<\/p>\t\t\t\t\t\t\t\t<\/div>\n\t\t\t\t<\/div>\n\t\t\t\t<div class=\"elementor-element elementor-element-e735384 elementor-widget elementor-widget-button\" data-id=\"e735384\" data-element_type=\"widget\" data-e-type=\"widget\" data-widget_type=\"button.default\">\n\t\t\t\t<div class=\"elementor-widget-container\">\n\t\t\t\t\t\t\t\t\t<div class=\"elementor-button-wrapper\">\n\t\t\t\t\t<a class=\"elementor-button elementor-button-link elementor-size-sm\" href=\"https:\/\/servuloinnovationlab.com\/en\/contacto\/\">\n\t\t\t\t\t\t<span class=\"elementor-button-content-wrapper\">\n\t\t\t\t\t\t<span class=\"elementor-button-icon\">\n\t\t\t\t<svg aria-hidden=\"true\" class=\"e-font-icon-svg e-fas-long-arrow-alt-right\" viewbox=\"0 0 448 512\" xmlns=\"http:\/\/www.w3.org\/2000\/svg\"><path d=\"M313.941 216H12c-6.627 0-12 5.373-12 12v56c0 6.627 5.373 12 12 12h301.941v46.059c0 21.382 25.851 32.09 40.971 16.971l86.059-86.059c9.373-9.373 9.373-24.569 0-33.941l-86.059-86.059c-15.119-15.119-40.971-4.411-40.971 16.971V216z\"><\/path><\/svg>\t\t\t<\/span>\n\t\t\t\t\t\t\t\t\t<span class=\"elementor-button-text\">Contact us<\/span>\n\t\t\t\t\t<\/span>\n\t\t\t\t\t<\/a>\n\t\t\t\t<\/div>\n\t\t\t\t\t\t\t\t<\/div>\n\t\t\t\t<\/div>\n\t\t\t\t<\/div>\n\t\t\t\t<\/div>\n\t\t\t\t<\/div>\n\t\t\t\t<div class=\"elementor-element elementor-element-bee7df3 elementor-widget-mobile__width-initial elementor-widget elementor-widget-text-editor\" data-id=\"bee7df3\" data-element_type=\"widget\" data-e-type=\"widget\" data-widget_type=\"text-editor.default\">\n\t\t\t\t<div class=\"elementor-widget-container\">\n\t\t\t\t\t\t\t\t\t<p>S\u00c9RVULO INNOVATION LAB delivers a diverse range of courses and workshops through strategic partnerships with leading organisations and academic institutions.<\/p><p>These training programmes are designed to enable students to develop additional skills essential for professional growth.<\/p>\t\t\t\t\t\t\t\t<\/div>\n\t\t\t\t<\/div>\n\t\t\t\t<\/div>\n\t\t\t\t<\/div>\n\t\t\t\t<\/div>\n\t\t<div class=\"elementor-element elementor-element-56962ca e-con-full e-flex e-con e-child\" data-id=\"56962ca\" data-element_type=\"container\" data-e-type=\"container\">\n\t\t\t\t<div class=\"elementor-element elementor-element-11f86af elementor-widget-mobile__width-initial elementor-widget elementor-widget-shortcode\" data-id=\"11f86af\" data-element_type=\"widget\" data-e-type=\"widget\" data-widget_type=\"shortcode.default\">\n\t\t\t\t<div class=\"elementor-widget-container\">\n\t\t\t\t\t\t\t<div class=\"elementor-shortcode\">    <div class=\"cards-row servulo-category-swiper\">\n      <div class=\"swiper servulo-category-swiper-container\">\n        <div class=\"swiper-wrapper\">\n                        <div class=\"swiper-slide\">\n                <a href=\"https:\/\/servuloinnovationlab.com\/en\/formacoes\/breve-curso-de-irs\/\" class=\"card-link\">\n                  <div class=\"custom-card\" style=\"background-image: url('https:\/\/servuloinnovationlab.com\/wp-content\/uploads\/2025\/07\/breve_curso_irs-656x1024.jpg');\">\n                      <div class=\"custom-gradient\"><\/div>\n                    <div class=\"custom-card-gradient\">\n                      <div class=\"card-date\">\n                        06 Feb 2026                      <\/div>\n                      <div class=\"card-title clamp-2\">Short Course on Income Tax<\/div>\n                      <div class=\"card-excerpt clamp-2\"><\/div>\n                    <\/div>\n                  <\/div>\n                <\/a>\n              <\/div>\n                      <\/div>\n        <!-- Navega\u00e7\u00e3o \n        <div class=\"swiper-button-prev servulo-category-prev\"><\/div>\n        <div class=\"swiper-button-next servulo-category-next\"><\/div> -->\n      <\/div>\n    <\/div>\n    <\/div>\n\t\t\t\t\t\t<\/div>\n\t\t\t\t<\/div>\n\t\t\t\t<\/div>\n\t\t\t\t<div class=\"elementor-element elementor-element-8f6fd66 elementor-absolute elementor-hidden-tablet elementor-hidden-mobile elementor-widget elementor-widget-image\" data-id=\"8f6fd66\" data-element_type=\"widget\" data-e-type=\"widget\" data-settings=\"{&quot;_position&quot;:&quot;absolute&quot;}\" data-widget_type=\"image.default\">\n\t\t\t\t<div class=\"elementor-widget-container\">\n\t\t\t\t\t\t\t\t\t\t\t\t\t\t\t<img fetchpriority=\"high\" decoding=\"async\" width=\"223\" height=\"1024\" src=\"https:\/\/servuloinnovationlab.com\/wp-content\/uploads\/2025\/08\/AcademicEsquerda-223x1024.png\" class=\"attachment-large size-large wp-image-1042\" alt=\"\" \/>\t\t\t\t\t\t\t\t\t\t\t\t\t\t\t<\/div>\n\t\t\t\t<\/div>\n\t\t\t\t<div class=\"elementor-element elementor-element-bbe272b elementor-absolute elementor-hidden-tablet elementor-hidden-mobile elementor-widget elementor-widget-image\" data-id=\"bbe272b\" data-element_type=\"widget\" data-e-type=\"widget\" data-settings=\"{&quot;_position&quot;:&quot;absolute&quot;}\" data-widget_type=\"image.default\">\n\t\t\t\t<div class=\"elementor-widget-container\">\n\t\t\t\t\t\t\t\t\t\t\t\t\t\t\t<img decoding=\"async\" width=\"358\" height=\"698\" src=\"https:\/\/servuloinnovationlab.com\/wp-content\/uploads\/2025\/08\/AcademicDireita.png\" class=\"attachment-large size-large wp-image-1043\" alt=\"\" srcset=\"https:\/\/servuloinnovationlab.com\/wp-content\/uploads\/2025\/08\/AcademicDireita.png 358w, https:\/\/servuloinnovationlab.com\/wp-content\/uploads\/2025\/08\/AcademicDireita-154x300.png 154w, https:\/\/servuloinnovationlab.com\/wp-content\/uploads\/2025\/08\/AcademicDireita-6x12.png 6w\" sizes=\"(max-width: 358px) 100vw, 358px\" \/>\t\t\t\t\t\t\t\t\t\t\t\t\t\t\t<\/div>\n\t\t\t\t<\/div>\n\t\t\t\t\t<\/div>\n\t\t\t\t<\/div>\n\t\t<div class=\"elementor-element elementor-element-cab246a e-flex e-con-boxed e-con e-parent\" data-id=\"cab246a\" data-element_type=\"container\" data-e-type=\"container\">\n\t\t\t\t\t<div class=\"e-con-inner\">\n\t\t<div class=\"elementor-element elementor-element-fbd65e5 e-con-full e-flex e-con e-child\" data-id=\"fbd65e5\" data-element_type=\"container\" data-e-type=\"container\">\n\t\t\t\t<div class=\"elementor-element elementor-element-9c7ccff elementor-widget-mobile__width-initial elementor-widget elementor-widget-heading\" data-id=\"9c7ccff\" data-element_type=\"widget\" data-e-type=\"widget\" data-widget_type=\"heading.default\">\n\t\t\t\t<div class=\"elementor-widget-container\">\n\t\t\t\t\t<h2 class=\"elementor-heading-title elementor-size-default\">S\u00c9RVULO INNOVATION LAB at Universities<\/h2>\t\t\t\t<\/div>\n\t\t\t\t<\/div>\n\t\t\t\t<\/div>\n\t\t<div class=\"elementor-element elementor-element-cd8c2f2 e-grid e-con-full e-con e-child\" data-id=\"cd8c2f2\" data-element_type=\"container\" data-e-type=\"container\">\n\t\t\t\t<div class=\"elementor-element elementor-element-c6d1cb0 elementor-widget-mobile__width-initial elementor-widget elementor-widget-image\" data-id=\"c6d1cb0\" data-element_type=\"widget\" data-e-type=\"widget\" data-widget_type=\"image.default\">\n\t\t\t\t<div class=\"elementor-widget-container\">\n\t\t\t\t\t\t\t\t\t\t\t\t\t\t\t<img decoding=\"async\" width=\"1024\" height=\"768\" src=\"https:\/\/servuloinnovationlab.com\/wp-content\/uploads\/2025\/07\/Moot-Court-1024x768.jpg\" class=\"attachment-large size-large wp-image-734\" alt=\"\" srcset=\"https:\/\/servuloinnovationlab.com\/wp-content\/uploads\/2025\/07\/Moot-Court-1024x768.jpg 1024w, https:\/\/servuloinnovationlab.com\/wp-content\/uploads\/2025\/07\/Moot-Court-300x225.jpg 300w, https:\/\/servuloinnovationlab.com\/wp-content\/uploads\/2025\/07\/Moot-Court-768x576.jpg 768w, https:\/\/servuloinnovationlab.com\/wp-content\/uploads\/2025\/07\/Moot-Court-1536x1152.jpg 1536w, https:\/\/servuloinnovationlab.com\/wp-content\/uploads\/2025\/07\/Moot-Court-16x12.jpg 16w, https:\/\/servuloinnovationlab.com\/wp-content\/uploads\/2025\/07\/Moot-Court.jpg 2048w\" sizes=\"(max-width: 1024px) 100vw, 1024px\" \/>\t\t\t\t\t\t\t\t\t\t\t\t\t\t\t<\/div>\n\t\t\t\t<\/div>\n\t\t\t\t<div class=\"elementor-element elementor-element-8533008 elementor-widget-mobile__width-initial elementor-widget elementor-widget-text-editor\" data-id=\"8533008\" data-element_type=\"widget\" data-e-type=\"widget\" data-widget_type=\"text-editor.default\">\n\t\t\t\t<div class=\"elementor-widget-container\">\n\t\t\t\t\t\t\t\t\t<h3 style=\"font-size: 25px;\">Administrative Law Moot Court<\/h3><p style=\"font-size: 17px;\">S\u00c9RVULO, through INNOVATION LAB, is the official sponsor of the Administrative Law Moot Court, organised by the Academic Association of the Faculty of Law of Lisbon (AAFDL).<\/p><p>The Moot Court is a simulation of a real court and brings 8 teams of students face-to-face in a simulated trial involving an Administrative Law dispute. The jury consists of several legal experts, including lawyers from S\u00c9RVULO.<\/p>\t\t\t\t\t\t\t\t<\/div>\n\t\t\t\t<\/div>\n\t\t\t\t<div class=\"elementor-element elementor-element-da8f200 elementor-widget-mobile__width-initial elementor-widget elementor-widget-text-editor\" data-id=\"da8f200\" data-element_type=\"widget\" data-e-type=\"widget\" data-widget_type=\"text-editor.default\">\n\t\t\t\t<div class=\"elementor-widget-container\">\n\t\t\t\t\t\t\t\t\t<h3 style=\"font-size: 25px; line-height: 0px;\">JobShadowing<\/h3>\n<h4 style=\"font-size: 20px; line-height: 20px;\">Portuguese Catholic University<\/h4>\n<p style=\"font-size:17px;\">In partnership with the Portuguese Catholic University, S\u00c9RVULO promotes <i>Job Shadowing<\/i>In partnership with the Portuguese Catholic University, S\u00c9RVULO programmes, which allow 3rd and 4th year law students to spend a day shadowing a S\u00c9RVULO lawyer (and Catholic University alumnus), thus learning about the reality outside the classroom.<\/p>\t\t\t\t\t\t\t\t<\/div>\n\t\t\t\t<\/div>\n\t\t\t\t<div class=\"elementor-element elementor-element-a94328f elementor-widget-mobile__width-initial elementor-widget elementor-widget-image\" data-id=\"a94328f\" data-element_type=\"widget\" data-e-type=\"widget\" data-widget_type=\"image.default\">\n\t\t\t\t<div class=\"elementor-widget-container\">\n\t\t\t\t\t\t\t\t\t\t\t\t\t\t\t<img loading=\"lazy\" decoding=\"async\" width=\"1024\" height=\"768\" src=\"https:\/\/servuloinnovationlab.com\/wp-content\/uploads\/2025\/08\/JobShadowing-1024x768.jpg\" class=\"attachment-large size-large wp-image-979\" alt=\"\" srcset=\"https:\/\/servuloinnovationlab.com\/wp-content\/uploads\/2025\/08\/JobShadowing-1024x768.jpg 1024w, https:\/\/servuloinnovationlab.com\/wp-content\/uploads\/2025\/08\/JobShadowing-300x225.jpg 300w, https:\/\/servuloinnovationlab.com\/wp-content\/uploads\/2025\/08\/JobShadowing-768x576.jpg 768w, https:\/\/servuloinnovationlab.com\/wp-content\/uploads\/2025\/08\/JobShadowing-1536x1152.jpg 1536w, https:\/\/servuloinnovationlab.com\/wp-content\/uploads\/2025\/08\/JobShadowing-16x12.jpg 16w, https:\/\/servuloinnovationlab.com\/wp-content\/uploads\/2025\/08\/JobShadowing.jpg 2000w\" sizes=\"(max-width: 1024px) 100vw, 1024px\" \/>\t\t\t\t\t\t\t\t\t\t\t\t\t\t\t<\/div>\n\t\t\t\t<\/div>\n\t\t\t\t<\/div>\n\t\t\t\t\t<\/div>\n\t\t\t\t<\/div>\n\t\t<div class=\"elementor-element elementor-element-14758c5 e-flex e-con-boxed e-con e-parent\" data-id=\"14758c5\" data-element_type=\"container\" data-e-type=\"container\">\n\t\t\t\t\t<div class=\"e-con-inner\">\n\t\t\t\t<div class=\"elementor-element elementor-element-0719aa9 elementor-widget elementor-widget-heading\" data-id=\"0719aa9\" data-element_type=\"widget\" data-e-type=\"widget\" data-widget_type=\"heading.default\">\n\t\t\t\t<div class=\"elementor-widget-container\">\n\t\t\t\t\t<h2 class=\"elementor-heading-title elementor-size-default\">Partnerships<\/h2>\t\t\t\t<\/div>\n\t\t\t\t<\/div>\n\t\t\t\t<div class=\"elementor-element elementor-element-26074f2 elementor-widget__width-initial elementor-widget elementor-widget-shortcode\" data-id=\"26074f2\" data-element_type=\"widget\" data-e-type=\"widget\" data-widget_type=\"shortcode.default\">\n\t\t\t\t<div class=\"elementor-widget-container\">\n\t\t\t\t\t\t\t<div class=\"elementor-shortcode\">    <div class=\"galeria-academicos-swiper\" id=\"galeria-academicos-swiper-69f20e56d80a2\">\n        <div class=\"swiper\">\n            <div class=\"swiper-wrapper\" style=\"align-items:center;\">\n                                    <div class=\"swiper-slide\">\n                        <div class=\"parceiro-item\">\n                            <img decoding=\"async\" src=\"https:\/\/servuloinnovationlab.com\/wp-content\/uploads\/2025\/06\/logo_aafdl_840x693-1.png\" alt=\"logo_aafdl_840x693 1\">\n                        <\/div>\n                    <\/div>\n                                    <div class=\"swiper-slide\">\n                        <div class=\"parceiro-item\">\n                            <img decoding=\"async\" src=\"https:\/\/servuloinnovationlab.com\/wp-content\/uploads\/2025\/06\/CleanShot-2025-04-24-at-13.40.02@2x.png\" alt=\"CleanShot 2025-04-24 at 13.40.02@2x\">\n                        <\/div>\n                    <\/div>\n                                    <div class=\"swiper-slide\">\n                        <div class=\"parceiro-item\">\n                            <img decoding=\"async\" src=\"https:\/\/servuloinnovationlab.com\/wp-content\/uploads\/2025\/06\/Universidade_Catolica_Portuguesa__logo_-1-1.png\" alt=\"Universidade_Cato\u0301lica_Portuguesa__logo_ 1 (1)\">\n                        <\/div>\n                    <\/div>\n                            <\/div>\n            <div class=\"swiper-pagination\"><\/div>\n        <\/div>\n    <\/div>\n    <script>\n    document.addEventListener('DOMContentLoaded', function() {\n        new Swiper('#galeria-academicos-swiper-69f20e56d80a2 .swiper', {\n            slidesPerView: 3,\n            spaceBetween: 32,\n            loop: true,\n            autoplay: {\n                delay: 5000,\n                disableOnInteraction: false\n            },\n            pagination: {\n                el: '#galeria-academicos-swiper-69f20e56d80a2 .swiper-pagination',\n                clickable: true\n            },\n            breakpoints: {\n                1200: { slidesPerView: 3 },\n                900:  { slidesPerView: 5 },\n                600:  { slidesPerView: 1 }\n            }\n        });\n    });\n    <\/script>\n    <\/div>\n\t\t\t\t\t\t<\/div>\n\t\t\t\t<\/div>\n\t\t\t\t\t<\/div>\n\t\t\t\t<\/div>\n\t\t\t\t<\/div>","protected":false},"excerpt":{"rendered":"<p>O Futurocome\u00e7a aqui! Destinat\u00e1riosAlunos universit\u00e1rios Todas as forma\u00e7\u00f5es s\u00e3o desenhadas para desenvolver Legal e Soft Skills, essenciais para a entrada no mercado de trabalho Contacte-nos O S\u00c9RVULO INNOVATION LAB organiza diversos cursos e workshops, em parceria com diversas organiza\u00e7\u00f5es e institui\u00e7\u00f5es de ensino. Estas forma\u00e7\u00f5es s\u00e3o concebidas de forma a permitir aos estudantes o desenvolvimento [&hellip;]<\/p>","protected":false},"author":1,"featured_media":0,"parent":0,"menu_order":0,"comment_status":"closed","ping_status":"closed","template":"","meta":{"footnotes":""},"class_list":["post-894","page","type-page","status-publish","hentry"],"_links":{"self":[{"href":"https:\/\/servuloinnovationlab.com\/en\/wp-json\/wp\/v2\/pages\/894","targetHints":{"allow":["GET"]}}],"collection":[{"href":"https:\/\/servuloinnovationlab.com\/en\/wp-json\/wp\/v2\/pages"}],"about":[{"href":"https:\/\/servuloinnovationlab.com\/en\/wp-json\/wp\/v2\/types\/page"}],"author":[{"embeddable":true,"href":"https:\/\/servuloinnovationlab.com\/en\/wp-json\/wp\/v2\/users\/1"}],"replies":[{"embeddable":true,"href":"https:\/\/servuloinnovationlab.com\/en\/wp-json\/wp\/v2\/comments?post=894"}],"version-history":[{"count":70,"href":"https:\/\/servuloinnovationlab.com\/en\/wp-json\/wp\/v2\/pages\/894\/revisions"}],"predecessor-version":[{"id":1496,"href":"https:\/\/servuloinnovationlab.com\/en\/wp-json\/wp\/v2\/pages\/894\/revisions\/1496"}],"wp:attachment":[{"href":"https:\/\/servuloinnovationlab.com\/en\/wp-json\/wp\/v2\/media?parent=894"}],"curies":[{"name":"wp","href":"https:\/\/api.w.org\/{rel}","templated":true}]}}